{"id":4218,"date":"2026-05-13T14:17:15","date_gmt":"2026-05-13T11:17:15","guid":{"rendered":"https:\/\/freshmarket.md\/?post_type=product&#038;p=4218"},"modified":"2026-05-13T14:20:11","modified_gmt":"2026-05-13T11:20:11","slug":"pepene-galben-grecia","status":"publish","type":"product","link":"https:\/\/freshmarket.md\/ru\/product\/pepene-galben-grecia\/","title":{"rendered":"Pepene galben Grecia"},"content":{"rendered":"<p><strong>Pepene galben<\/strong> este un fruct aromat, dulce \u0219i foarte suculent, apreciat pentru gustul s\u0103u fin \u0219i parfumat. Are miez moale, bogat \u00een ap\u0103 \u0219i nutrien\u021bi, fiind ideal pentru consum proasp\u0103t, salate de fructe, smoothie-uri sau deserturi r\u0103coritoare. Datorit\u0103 con\u021binutului ridicat de vitamine \u0219i antioxidan\u021bi, pepenele galben este o alegere excelent\u0103 pentru hidratare \u0219i alimenta\u021bie echilibrat\u0103.<\/p>","protected":false},"excerpt":{"rendered":"<p>Pepene galben este un fruct aromat, dulce \u0219i foarte suculent, apreciat pentru gustul s\u0103u fin \u0219i parfumat. Are miez moale, bogat \u00een ap\u0103 \u0219i nutrien\u021bi, fiind ideal pentru consum proasp\u0103t, salate de fructe, smoothie-uri sau deserturi r\u0103coritoare. Datorit\u0103 con\u021binutului ridicat de vitamine \u0219i antioxidan\u021bi, pepenele galben este o alegere excelent\u0103 pentru hidratare \u0219i alimenta\u021bie echilibrat\u0103.<\/p>","protected":false},"featured_media":4219,"comment_status":"closed","ping_status":"closed","template":"","meta":[],"product_cat":[20,47],"product_tag":[],"domeniu":[],"acf":[],"_links":{"self":[{"href":"https:\/\/freshmarket.md\/ru\/wp-json\/wp\/v2\/product\/4218"}],"collection":[{"href":"https:\/\/freshmarket.md\/ru\/wp-json\/wp\/v2\/product"}],"about":[{"href":"https:\/\/freshmarket.md\/ru\/wp-json\/wp\/v2\/types\/product"}],"replies":[{"embeddable":true,"href":"https:\/\/freshmarket.md\/ru\/wp-json\/wp\/v2\/comments?post=4218"}],"wp:featuredmedia":[{"embeddable":true,"href":"https:\/\/freshmarket.md\/ru\/wp-json\/wp\/v2\/media\/4219"}],"wp:attachment":[{"href":"https:\/\/freshmarket.md\/ru\/wp-json\/wp\/v2\/media?parent=4218"}],"wp:term":[{"taxonomy":"product_cat","embeddable":true,"href":"https:\/\/freshmarket.md\/ru\/wp-json\/wp\/v2\/product_cat?post=4218"},{"taxonomy":"product_tag","embeddable":true,"href":"https:\/\/freshmarket.md\/ru\/wp-json\/wp\/v2\/product_tag?post=4218"},{"taxonomy":"domeniu","embeddable":true,"href":"https:\/\/freshmarket.md\/ru\/wp-json\/wp\/v2\/domeniu?post=4218"}],"curies":[{"name":"wp","href":"https:\/\/api.w.org\/{rel}","templated":true}]}}